{"id":11459,"date":"2022-04-07T10:08:09","date_gmt":"2022-04-07T07:08:09","guid":{"rendered":"https:\/\/golaw.ua\/?page_id=11459"},"modified":"2026-03-23T22:09:32","modified_gmt":"2026-03-23T19:09:32","slug":"german-desk","status":"publish","type":"page","link":"https:\/\/golaw.ua\/ru\/german-desk\/","title":{"rendered":"Golaw german desk"},"content":{"rendered":"\n<p>GOLAW Advokaten sprechen flie\u00dfend Deutsch, verf\u00fcgen \u00fcber umfangreiche Erfahrung in der Beratung von Mandanten aus den DACH-Staaten (Deutschland, \u00d6sterreich und Schweiz) und unterst\u00fctzen umfassend bei der rechtluchen Begleitung der Gesch\u00e4ftst\u00e4tigkeit von Mandanten.<\/p>\n\n\n\n<p>Zu den Kunden von GOLAW z\u00e4hlen kleine und mittelst\u00e4ndische Unternehmen sowie Privatkunden und Investoren, Finanzinstitute und Versicherungen. GOLAW Advokaten beraten Mandanten bei internationalen Vertr\u00e4gen, Finanzierung, Erwerb und Ver\u00e4u\u00dferung von Verm\u00f6genswerten, M&#038;A, Projektmanagement, Unternehmensumstrukturierung und Optimierung der Gesellschaftsstruktur von Unternehmen, Arbeitsbeziehungen, Schutz vor Gericht und vor Strafverfolgung.&nbsp;<\/p>\n\n\n\n<p>Die Kanzlei erbringt erfolgreich juristische Dienstleistungen in verschiedenen Wirtschaftssektoren, wie Bank- und Finanzwesen, alternative Energie, Handel und FMCG, Pharmazie, Informationstechnologie, Investitionen, Landwirtschaft, Bau und Immobilien, industrielle Produktion und andere.<\/p>\n\n\n\n<p>GOLAW Managing Partner Valentyn Gvozdiy und GOLAW Senior Partner Sergiy Oberkovych sind als ausl\u00e4ndische Advokaten offiziell zur Rechtsanwaltskammer Berlin zugelassen und erbringen in Deutschland Rechtsberatung zum ukrainischen und internationalen Recht.<\/p>\n\n\n\n<p>GOLAW wurde wiederholt von f\u00fchrenden internationalen Rankings ausgezeichnet, darunter The Legal 500 EMEA, Chambers &#038; Partners, IFLR 1000, Best Lawyers, Who is Who Legal. In den letzten 10 Jahren geh\u00f6rt GOLAW zu den TOP-10 der besten Anwaltskanzleien in der Ukraine.<\/p>\n\n\n\n<p>Unsere Kanzlei ist au\u00dferdem Mitglied der Deutsch-Ukrainischen Handelskammer (AHK Ukraine), die eine wichtige Plattform f\u00fcr den bilateralen Wirtschaftsaustausch und die internationale Gesch\u00e4ftsentwicklung darstellt.<\/p>\n\n\n\n<p><a href=\"mailto:info@golaw.eu\" target=\"_blank\" rel=\"noreferrer noopener nofollow\">info@golaw.eu<\/a><\/p>\n\n\n\n<p><a href=\"tel:+49 151 5217 47 90\" data-type=\"tel\" data-id=\"tel:+49 151 5217 47 90\" target=\"_blank\" rel=\"noreferrer noopener nofollow\">+49 151 5217 47 90<\/a><\/p>\n\n\n\n<div class=\"wp-container-1 is-content-justification-center wp-block-buttons\">\n<div class=\"wp-block-button\"><a class=\"wp-block-button__link has-vivid-red-background-color has-background\" href=\"https:\/\/golaw.eu\/\" target=\"_blank\" rel=\"noreferrer noopener nofollow\">GOLAW.EU<\/a><\/div>\n<\/div>\n","protected":false},"excerpt":{"rendered":"GOLAW Advokaten sprechen flie\u00dfend Deutsch, verf\u00fcgen \u00fcber umfangreiche Erfahrung in der Beratung von Mandanten aus den DACH-Staaten (Deutschland, \u00d6sterreich und Schweiz) und unterst\u00fctzen umfassend bei&#8230;","protected":false},"author":14,"featured_media":20284,"parent":0,"menu_order":0,"comment_status":"closed","ping_status":"closed","template":"templates\/template-german.php","meta":[],"_links":{"self":[{"href":"https:\/\/golaw.ua\/ru\/wp-json\/wp\/v2\/pages\/11459"}],"collection":[{"href":"https:\/\/golaw.ua\/ru\/wp-json\/wp\/v2\/pages"}],"about":[{"href":"https:\/\/golaw.ua\/ru\/wp-json\/wp\/v2\/types\/page"}],"author":[{"embeddable":true,"href":"https:\/\/golaw.ua\/ru\/wp-json\/wp\/v2\/users\/14"}],"replies":[{"embeddable":true,"href":"https:\/\/golaw.ua\/ru\/wp-json\/wp\/v2\/comments?post=11459"}],"version-history":[{"count":47,"href":"https:\/\/golaw.ua\/ru\/wp-json\/wp\/v2\/pages\/11459\/revisions"}],"predecessor-version":[{"id":18747,"href":"https:\/\/golaw.ua\/ru\/wp-json\/wp\/v2\/pages\/11459\/revisions\/18747"}],"wp:featuredmedia":[{"embeddable":true,"href":"https:\/\/golaw.ua\/ru\/wp-json\/wp\/v2\/media\/20284"}],"wp:attachment":[{"href":"https:\/\/golaw.ua\/ru\/wp-json\/wp\/v2\/media?parent=11459"}],"curies":[{"name":"wp","href":"https:\/\/api.w.org\/{rel}","templated":true}]}}